{"id":297,"date":"2018-10-01T17:54:33","date_gmt":"2018-10-01T17:54:33","guid":{"rendered":"http:\/\/tamamco.com\/about\/"},"modified":"2020-06-08T15:38:32","modified_gmt":"2020-06-08T15:38:32","slug":"about","status":"publish","type":"page","link":"https:\/\/tamamco.com\/ar\/about\/","title":{"rendered":"\u0639\u0646 \u0627\u0644\u0634\u0631\u0643\u0629"},"content":{"rendered":"<div class=\"wpb-content-wrapper\"><p>[vc_row bg_type=&#8221;bg_color&#8221; bg_override=&#8221;ex-full&#8221; bg_color_value=&#8221;#e2e7ea&#8221; css=&#8221;.vc_custom_1591629866749{margin-top: -50px !important;padding-top: 25px !important;padding-bottom: 25px !important;}&#8221;][vc_column css_animation=&#8221;bounceIn&#8221; width=&#8221;1\/2&#8243;][vc_empty_space height=&#8221;100px&#8221;][vc_column_text]<\/p>\n<h3 style=\"font-size: 40px; line-height: 50px; background: -webkit-linear-gradient(#24aefa, #134c9b); -webkit-background-clip: text; -webkit-text-fill-color: transparent; font-weight: 600;\">\u062d\u0644\u0648\u0644 \u062a\u0641\u0627\u0639\u0644\u064a\u0629 \u0648\u0634\u0627\u0634\u0627\u062a \u0627\u0644\u0639\u0631\u0636 \u0627\u0644\u062f\u0627\u062e\u0644\u064a\u0629 \u0648\u0627\u0644\u062e\u0627\u0631\u062c\u064a\u0629<\/h3>\n<p>\u062a\u0642\u062f\u0645 \u0634\u0631\u0643\u0629 \u062a\u0645\u0627\u0645 \u0644\u0644\u0627\u0644\u0643\u062a\u0631\u0648\u0646\u064a\u0627\u062a \u0627\u0644\u062d\u0644\u0648\u0644 \u0627\u0644\u062a\u0641\u0627\u0639\u0644\u064a\u0629 \u0627\u0644\u0645\u062a\u0643\u0627\u0645\u0644\u0629 \u0644\u0634\u0627\u0634\u0627\u062a \u0627\u0644\u0639\u0631\u0636 \u0627\u0644\u062f\u0627\u062e\u0644\u064a\u0629 \u0648\u0627\u0644\u062e\u0627\u0631\u062c\u064a\u0629 \u0648\u062a\u0628\u062f\u0623 \u0645\u0646 \u0645\u0631\u0627\u062d\u0644 \u0627\u0644\u062a\u0635\u0645\u064a\u0645 \u0648\u062a\u0646\u062a\u0647\u064a \u0628\u062a\u0646\u0641\u064a\u0630 \u0627\u0644\u0645\u0634\u0631\u0648\u0639 \u0639\u0644\u0649 \u0623\u0641\u0636\u0644 \u0627\u0644\u0645\u0648\u0627\u0635\u0641\u0627\u062a \u0627\u0644\u062d\u062f\u064a\u062b\u0629[\/vc_column_text][\/vc_column][vc_column css_animation=&#8221;bounceIn&#8221; width=&#8221;1\/2&#8243;][vc_single_image image=&#8221;547&#8243; img_size=&#8221;638 \u00d7 573&#8243; image_hovers=&#8221;false&#8221;][\/vc_column][\/vc_row][vc_row bg_type=&#8221;image&#8221; parallax_style=&#8221;vcpb-default&#8221; bg_image_new=&#8221;id^89|url^http:\/\/tamamco.com\/wp-content\/uploads\/2018\/10\/awesom-serv.jpg|caption^null|alt^null|title^awesom-serv|description^null&#8221; bg_image_repeat=&#8221;no-repeat&#8221; bg_override=&#8221;ex-full&#8221; css=&#8221;.vc_custom_1538418047490{padding-top: 100px !important;padding-bottom: 50px !important;}&#8221;][vc_column][vc_column_text]<\/p>\n<p style=\"font-size: 22px; font-weight: 600; text-align: center;\">\u0639\u0646 \u062a\u0645\u0627\u0645 \u0644\u0644\u0627\u0644\u0643\u062a\u0631\u0648\u0646\u064a\u0627\u062a<\/p>\n<p style=\"font-size: 40px; line-height: 50px; background: rgba(0, 0, 0, 0) -webkit-linear-gradient(#24aefa, #134c9b) repeat scroll 0% 0% padding-box text; -webkit-text-fill-color: transparent; font-weight: 600; text-align: center;\">\u062a\u0645\u0627\u0645<br \/>\n\u0634\u0631\u0643\u0629 \u0627\u0644\u0625\u0644\u0643\u062a\u0631\u0648\u0646\u064a\u0627\u062a<\/p>\n<p style=\"color: #888888; font-size: 14px; text-align: right;\">\u0634\u0631\u0643\u0629 \u062a\u0645\u0627\u0645 \u0644\u0644\u0627\u0644\u0643\u062a\u0631\u0648\u0646\u064a\u0627\u062a\u060c \u062a\u0623\u0633\u0633\u062a \u0639\u0627\u0645 2006\u060c \u0644\u062a\u0642\u062f\u064a\u0645 \u062d\u0644\u0648\u0644 \u0627\u0644\u0634\u0627\u0634\u0627\u062a \u0627\u0644\u062a\u0641\u0627\u0639\u0644\u064a\u0629 \u0648\u0634\u0627\u0634\u0627\u062a \u0627\u0644\u0639\u0631\u0636 \u0627\u0644\u062f\u0627\u062e\u0644\u064a\u0629 \u0648\u0627\u0644\u062e\u0627\u0631\u062c\u064a\u0629. \u0627\u0633\u062a\u0637\u0627\u0639\u062a \u0627\u0644\u0634\u0631\u0643\u0629 \u0628\u062e\u062f\u0645\u0629 \u0643\u0627\u0641\u0629 \u0639\u0645\u0644\u0627\u0624\u0647\u0627 \u0641\u064a \u062c\u0645\u064a\u0639 \u0623\u0646\u062d\u0627\u0621 \u0627\u0644\u0645\u0645\u0644\u0643\u0629 \u0627\u0644\u0639\u0631\u0628\u064a\u0629 \u0627\u0644\u0633\u0639\u0648\u062f\u064a\u0629 \u0628\u0623\u0641\u0636\u0644 \u0627\u0644\u062e\u062f\u0645\u0627\u062a \u0641\u064a \u0633\u0648\u0642 \u0627\u0644\u0634\u0627\u0634\u0627\u062a \u0627\u0644\u062a\u0641\u0627\u0639\u0644\u064a\u0629. \u062a\u0642\u0648\u0645 \u0627\u0644\u0634\u0631\u0643\u0629 \u0628\u0627\u0644\u062a\u0635\u0645\u064a\u0645 \u062d\u0633\u0628 \u0627\u0644\u0645\u0648\u0627\u0635\u0641\u0627\u062a \u0627\u0644\u0645\u0637\u0644\u0648\u0628\u0629 \u0644\u0643\u0644 \u0639\u0645\u064a\u0644 \u0648\u062a\u0646\u0641\u064a\u0630 \u0627\u0644\u0645\u0634\u0631\u0648\u0639 \u0648\u062e\u062f\u0645\u0627\u062a \u0645\u0627\u0628\u0639\u062f \u0627\u0644\u0628\u064a\u0639 \u0628\u0645\u0627 \u064a\u0636\u0645\u0646 \u0631\u0627\u062d\u0629 \u0628\u0627\u0644 \u0627\u0644\u0639\u0645\u064a\u0644.<\/p>\n<p>[\/vc_column_text][\/vc_column][\/vc_row][vc_row css=&#8221;.vc_custom_1538419672697{padding-top: 25px !important;padding-bottom: 25px !important;}&#8221;][vc_column width=&#8221;1\/2&#8243;][vc_empty_space height=&#8221;100px&#8221;][vc_column_text]<\/p>\n<h3 style=\"font-size: 22px; font-weight: 600;\">\u0627\u0644\u0639\u0645\u0644\u0627\u0621<\/h3>\n<h3 style=\"font-size: 40px; background: -webkit-linear-gradient(#24aefa, #134c9b); -webkit-background-clip: text; -webkit-text-fill-color: transparent; font-weight: 600; line-height: 50px;\">\u0622\u0631\u0627\u0621 \u0627\u0644\u0639\u0645\u0644\u0627\u0621<\/h3>\n<p>[\/vc_column_text]<div id=\"ult-carousel-4090595166a07291b51e35\" class=\"ult-carousel-wrapper   ult_horizontal\" data-gutter=\"15\" data-rtl=\"true\" ><div class=\"ult-carousel-18262088216a07291b51dff \" >[vc_column_text]<span style=\"font-size: 13px; color: #777777;\">\u062e\u062f\u0645\u0629 \u0645\u0645\u064a\u0632\u0629\u060c \u0623\u0634\u0643\u0631 \u0641\u0631\u064a\u0642 \u0627\u0644\u0639\u0645\u0644 \u0641\u064a \u0634\u0631\u0643\u0629 \u062a\u0645\u0627\u0645 \u0644\u0644\u0627\u0644\u0643\u062a\u0631\u0648\u0646\u064a\u0627\u062a \u0639\u0644\u0649 \u062a\u0646\u0641\u064a\u0630 \u0627\u0644\u0639\u0645\u0644 \u0628\u0623\u0643\u0645\u0644 \u0648\u062c\u0647<\/span><\/p>\n<p>&#8211; <strong><small>Nizar<br \/>\n<\/small><\/strong><span style=\"color: #d61b1b;\"><small class=\"desig\">&#8211; SABIC, KSA<\/small><\/span>[\/vc_column_text][vc_column_text]<span style=\"font-size: 13px; color: #777777;\">\u0623\u0646\u0635\u062d \u0628\u0627\u0644\u062a\u0639\u0627\u0645\u0644 \u0645\u0639 \u0634\u0631\u0643\u0629 \u062a\u0645\u0627\u0645 \u0644\u0644\u0627\u0644\u0643\u062a\u0631\u0648\u0646\u064a\u0627\u062a \u0641\u064a \u0645\u062c\u0627\u0644 \u0627\u0644\u0634\u0627\u0634\u0627\u062a \u0627\u0644\u062a\u0641\u0627\u0639\u0644\u064a\u0629<\/span><\/p>\n<p>&#8211; Hamad<strong><small><br \/>\n<\/small><\/strong><span style=\"color: #d61b1b;\"><small class=\"desig\">&#8211; Aramco, KSA<\/small><\/span>[\/vc_column_text][vc_column_text]<span style=\"font-size: 13px; color: #777777;\">\u0643\u0627\u0646\u062a \u062a\u062c\u0631\u0628\u0629 \u0645\u0645\u062a\u0627\u0632\u0629 \u0648\u062e\u062f\u0645\u0629 \u0631\u0627\u0642\u064a\u0629.<\/span><\/p>\n<p>&#8211; <strong><small>Raed<br \/>\n<\/small><\/strong><span style=\"color: #d61b1b;\"><small class=\"desig\">&#8211; SCECO, KSA<\/small><\/span>[\/vc_column_text]<\/div><\/div>\t\t\t<script type=\"text\/javascript\">\r\n\t\t\t\tjQuery(document).ready(function ($) {\r\n\t\t\t\t\tif( typeof jQuery('.ult-carousel-18262088216a07291b51dff').slick == \"function\"){\r\n\t\t\t\t\t\t$('.ult-carousel-18262088216a07291b51dff').slick({dots: true,autoplay: true,autoplaySpeed: 5000,speed: 300,infinite: true,arrows: false,slidesToScroll:1,slidesToShow:1,swipe: true,draggable: true,touchMove: true,rtl: true,pauseOnHover: true,pauseOnFocus: false,responsive: [\r\n\t\t\t\t\t\t\t{\r\n\t\t\t\t\t\t\t  breakpoint: 1026,\r\n\t\t\t\t\t\t\t  settings: {\r\n\t\t\t\t\t\t\t\tslidesToShow: 1,\r\n\t\t\t\t\t\t\t\tslidesToScroll: 1,  \r\n\t\t\t\t\t\t\t  }\r\n\t\t\t\t\t\t\t},\r\n\t\t\t\t\t\t\t{\r\n\t\t\t\t\t\t\t  breakpoint: 1025,\r\n\t\t\t\t\t\t\t  settings: {\r\n\t\t\t\t\t\t\t\tslidesToShow: 1,\r\n\t\t\t\t\t\t\t\tslidesToScroll: 1\r\n\t\t\t\t\t\t\t  }\r\n\t\t\t\t\t\t\t},\r\n\t\t\t\t\t\t\t{\r\n\t\t\t\t\t\t\t  breakpoint: 760,\r\n\t\t\t\t\t\t\t  settings: {\r\n\t\t\t\t\t\t\t\tslidesToShow: 1,\r\n\t\t\t\t\t\t\t\tslidesToScroll: 1\r\n\t\t\t\t\t\t\t  }\r\n\t\t\t\t\t\t\t}\r\n\t\t\t\t\t\t],pauseOnDotsHover: true,customPaging: function(slider, i) {\r\n                   return '<i type=\"button\" style= \"color:#154f9e;\" class=\"ultsl-radio-checked\" data-role=\"none\"><\/i>';\r\n                },});\r\n\t\t\t\t\t}\r\n\t\t\t\t});\r\n\t\t\t<\/script>\r\n\t\t\t[\/vc_column][vc_column width=&#8221;1\/2&#8243;][\/vc_column][\/vc_row][vc_row bg_type=&#8221;image&#8221; parallax_style=&#8221;vcpb-default&#8221; bg_image_new=&#8221;id^97|url^http:\/\/tamamco.com\/wp-content\/uploads\/2018\/10\/client-bg.jpg|caption^null|alt^null|title^client-bg|description^null&#8221; bg_override=&#8221;ex-full&#8221; css=&#8221;.vc_custom_1538419565611{padding-top: 25px !important;padding-bottom: 25px !important;}&#8221;][vc_column width=&#8221;1\/4&#8243;][vc_column_text]<\/p>\n<h3 style=\"font-size: 22px; font-weight: 600;\">\u0639\u0645\u0644\u0627\u0626\u0646\u0627<\/h3>\n<h3 style=\"font-size: 40px; background: -webkit-linear-gradient(#24aefa, #134c9b); -webkit-background-clip: text; -webkit-text-fill-color: transparent; font-weight: 600; line-height: 50px;\">\u0639\u0645\u0644\u0627\u0621<br \/>\n\u0631\u0627\u0626\u0639\u064a\u0646<\/h3>\n<p>[\/vc_column_text][\/vc_column][vc_column width=&#8221;3\/4&#8243;]<div id=\"ult-carousel-19000723356a07291b51ea1\" class=\"ult-carousel-wrapper   ult_horizontal\" data-gutter=\"15\" data-rtl=\"true\" ><div class=\"ult-carousel-10382125046a07291b51e97 \" >[vc_single_image image=&#8221;150&#8243; img_size=&#8221;209 \u00d7 132&#8243; image_hovers=&#8221;false&#8221;][vc_single_image image=&#8221;151&#8243; img_size=&#8221;209 \u00d7 132&#8243; image_hovers=&#8221;false&#8221;][vc_single_image image=&#8221;96&#8243; img_size=&#8221;209 \u00d7 132&#8243; image_hovers=&#8221;false&#8221;][vc_single_image image=&#8221;152&#8243; img_size=&#8221;209 \u00d7 132&#8243; image_hovers=&#8221;false&#8221;][vc_single_image image=&#8221;153&#8243; img_size=&#8221;209 \u00d7 132&#8243; image_hovers=&#8221;false&#8221;][vc_single_image image=&#8221;155&#8243; img_size=&#8221;209 \u00d7 132&#8243; image_hovers=&#8221;false&#8221;][vc_single_image image=&#8221;154&#8243; img_size=&#8221;209 \u00d7 132&#8243; image_hovers=&#8221;false&#8221;][vc_single_image image=&#8221;156&#8243; img_size=&#8221;209 \u00d7 132&#8243; image_hovers=&#8221;false&#8221;]<\/div><\/div>\t\t\t<script type=\"text\/javascript\">\r\n\t\t\t\tjQuery(document).ready(function ($) {\r\n\t\t\t\t\tif( typeof jQuery('.ult-carousel-10382125046a07291b51e97').slick == \"function\"){\r\n\t\t\t\t\t\t$('.ult-carousel-10382125046a07291b51e97').slick({dots: true,autoplay: true,autoplaySpeed: 5000,speed: 300,infinite: true,arrows: false,slidesToScroll:4,slidesToShow:4,swipe: true,draggable: true,touchMove: true,rtl: true,pauseOnHover: true,pauseOnFocus: false,responsive: [\r\n\t\t\t\t\t\t\t{\r\n\t\t\t\t\t\t\t  breakpoint: 1026,\r\n\t\t\t\t\t\t\t  settings: {\r\n\t\t\t\t\t\t\t\tslidesToShow: 4,\r\n\t\t\t\t\t\t\t\tslidesToScroll: 4,  \r\n\t\t\t\t\t\t\t  }\r\n\t\t\t\t\t\t\t},\r\n\t\t\t\t\t\t\t{\r\n\t\t\t\t\t\t\t  breakpoint: 1025,\r\n\t\t\t\t\t\t\t  settings: {\r\n\t\t\t\t\t\t\t\tslidesToShow: 2,\r\n\t\t\t\t\t\t\t\tslidesToScroll: 2\r\n\t\t\t\t\t\t\t  }\r\n\t\t\t\t\t\t\t},\r\n\t\t\t\t\t\t\t{\r\n\t\t\t\t\t\t\t  breakpoint: 760,\r\n\t\t\t\t\t\t\t  settings: {\r\n\t\t\t\t\t\t\t\tslidesToShow: 1,\r\n\t\t\t\t\t\t\t\tslidesToScroll: 1\r\n\t\t\t\t\t\t\t  }\r\n\t\t\t\t\t\t\t}\r\n\t\t\t\t\t\t],pauseOnDotsHover: true,customPaging: function(slider, i) {\r\n                   return '<i type=\"button\" style= \"color:#154f9e;\" class=\"ultsl-radio-checked\" data-role=\"none\"><\/i>';\r\n                },});\r\n\t\t\t\t\t}\r\n\t\t\t\t});\r\n\t\t\t<\/script>\r\n\t\t\t[\/vc_column][\/vc_row][vc_row bg_type=&#8221;image&#8221; parallax_style=&#8221;vcpb-default&#8221; bg_image_new=&#8221;id^93|url^http:\/\/tamamco.com\/wp-content\/uploads\/2018\/10\/counter.jpg|caption^null|alt^null|title^counter|description^null&#8221; bg_override=&#8221;ex-full&#8221; css=&#8221;.vc_custom_1538420118943{padding-bottom: 25px !important;}&#8221;][vc_column][vc_column_text]<\/p>\n<h2 style=\"text-align: center; font-size: 20px; color: #fff;\">\u0643\u0633\u0628 \u0627\u0644\u0646\u062c\u0627\u062d \u0645\u0639\u0646\u0627!<\/h2>\n<h2 style=\"text-align: center; font-size: 38px; color: #fff;\">\u0641\u0639\u0644 \u0627\u0644\u0634\u064a\u0621 \u0627\u0644\u0635\u062d\u064a\u062d \u060c \u0641\u064a \u0627\u0644\u0648\u0642\u062a \u0627\u0644\u0645\u0646\u0627\u0633\u0628.<\/h2>\n<p>[\/vc_column_text][vc_row_inner][vc_column_inner width=&#8221;1\/3&#8243;][vc_column_text]<\/p>\n<p class=\"counter-count\" style=\"text-align: center; font-size: 60px; font-weight: 800; color: #fff;\">500<\/p>\n<p class=\"employee-p\" style=\"text-align: center; color: #fff;\">\u0645\u0634\u0627\u0631\u064a\u0639<br \/>\n\u0645\u0646\u062c\u0632\u0629<\/p>\n<p>[\/vc_column_text][\/vc_column_inner][vc_column_inner width=&#8221;1\/3&#8243;][vc_column_text]<\/p>\n<p class=\"counter-count\" style=\"text-align: center; font-size: 60px; font-weight: 800; color: #fff;\">110<\/p>\n<p class=\"employee-p\" style=\"text-align: center; color: #fff;\">\u062c\u0648\u0627\u0626\u0632<br \/>\n\u0641\u0648\u0632<\/p>\n<p>[\/vc_column_text][\/vc_column_inner][vc_column_inner width=&#8221;1\/3&#8243;][vc_column_text]<\/p>\n<p class=\"counter-count\" style=\"text-align: center; font-size: 60px; font-weight: 800; color: #fff;\">100%<\/p>\n<p class=\"employee-p\" style=\"text-align: center; color: #fff;\">\u0632\u0628\u0627\u0626\u0646<br \/>\n\u0631\u0627\u0636\u0648\u0646<\/p>\n<p>[\/vc_column_text][\/vc_column_inner][\/vc_row_inner][\/vc_column][\/vc_row]<\/p>\n<\/div>","protected":false},"excerpt":{"rendered":"<p>[vc_row bg_type=&#8221;bg_color&#8221; bg_override=&#8221;ex-full&#8221; bg_color_value=&#8221;#e2e7ea&#8221; css=&#8221;.vc_custom_1591629866749{margin-top: -50px !important;padding-top: 25px !important;padding-bottom: 25px !important;}&#8221;][vc_column css_animation=&#8221;bounceIn&#8221; width=&#8221;1\/2&#8243;][vc_empty_space height=&#8221;100px&#8221;][vc_column_text] \u062d\u0644\u0648\u0644 \u062a\u0641\u0627\u0639\u0644\u064a\u0629 \u0648\u0634\u0627\u0634\u0627\u062a \u0627\u0644\u0639\u0631\u0636 \u0627\u0644\u062f\u0627\u062e\u0644\u064a\u0629 \u0648\u0627\u0644\u062e\u0627\u0631\u062c\u064a\u0629 \u062a\u0642\u062f\u0645 \u0634\u0631\u0643\u0629 \u062a\u0645\u0627\u0645 \u0644\u0644\u0627\u0644\u0643\u062a\u0631\u0648\u0646\u064a\u0627\u062a \u0627\u0644\u062d\u0644\u0648\u0644 \u0627\u0644\u062a\u0641\u0627\u0639\u0644\u064a\u0629 \u0627\u0644\u0645\u062a\u0643\u0627\u0645\u0644\u0629 \u0644\u0634\u0627\u0634\u0627\u062a \u0627\u0644\u0639\u0631\u0636 \u0627\u0644\u062f\u0627\u062e\u0644\u064a\u0629 \u0648\u0627\u0644\u062e\u0627\u0631\u062c\u064a\u0629 \u0648\u062a\u0628\u062f\u0623 \u0645\u0646 \u0645\u0631\u0627\u062d\u0644 \u0627\u0644\u062a\u0635\u0645\u064a\u0645 \u0648\u062a\u0646\u062a\u0647\u064a \u0628\u062a\u0646\u0641\u064a\u0630 \u0627\u0644\u0645\u0634\u0631\u0648\u0639 \u0639\u0644\u0649 \u0623\u0641\u0636\u0644 \u0627\u0644\u0645\u0648\u0627\u0635\u0641\u0627\u062a \u0627\u0644\u062d\u062f\u064a\u062b\u0629[\/vc_column_text][\/vc_column][vc_column css_animation=&#8221;bounceIn&#8221; width=&#8221;1\/2&#8243;][vc_single_image image=&#8221;547&#8243; img_size=&#8221;638 \u00d7 573&#8243; image_hovers=&#8221;false&#8221;][\/vc_column][\/vc_row][vc_row bg_type=&#8221;image&#8221; parallax_style=&#8221;vcpb-default&#8221; bg_image_new=&#8221;id^89|url^http:\/\/tamamco.com\/wp-content\/uploads\/2018\/10\/awesom-serv.jpg|caption^null|alt^null|title^awesom-serv|description^null&#8221; bg_image_repeat=&#8221;no-repeat&#8221; bg_override=&#8221;ex-full&#8221; css=&#8221;.vc_custom_1538418047490{padding-top:&hellip;<\/p>\n","protected":false},"author":1,"featured_media":0,"parent":0,"menu_order":0,"comment_status":"closed","ping_status":"closed","template":"","meta":{"_monsterinsights_skip_tracking":false,"_monsterinsights_sitenote_active":false,"_monsterinsights_sitenote_note":"","_monsterinsights_sitenote_category":0},"class_list":["post-297","page","type-page","status-publish","hentry","description-off"],"_links":{"self":[{"href":"https:\/\/tamamco.com\/ar\/wp-json\/wp\/v2\/pages\/297","targetHints":{"allow":["GET"]}}],"collection":[{"href":"https:\/\/tamamco.com\/ar\/wp-json\/wp\/v2\/pages"}],"about":[{"href":"https:\/\/tamamco.com\/ar\/wp-json\/wp\/v2\/types\/page"}],"author":[{"embeddable":true,"href":"https:\/\/tamamco.com\/ar\/wp-json\/wp\/v2\/users\/1"}],"replies":[{"embeddable":true,"href":"https:\/\/tamamco.com\/ar\/wp-json\/wp\/v2\/comments?post=297"}],"version-history":[{"count":8,"href":"https:\/\/tamamco.com\/ar\/wp-json\/wp\/v2\/pages\/297\/revisions"}],"predecessor-version":[{"id":549,"href":"https:\/\/tamamco.com\/ar\/wp-json\/wp\/v2\/pages\/297\/revisions\/549"}],"wp:attachment":[{"href":"https:\/\/tamamco.com\/ar\/wp-json\/wp\/v2\/media?parent=297"}],"curies":[{"name":"wp","href":"https:\/\/api.w.org\/{rel}","templated":true}]}}